{"id":100,"date":"2023-03-29T11:55:04","date_gmt":"2023-03-29T16:55:04","guid":{"rendered":"https:\/\/quebecairbnb.com\/accueil\/"},"modified":"2025-11-19T19:19:47","modified_gmt":"2025-11-20T00:19:47","slug":"accueil","status":"publish","type":"page","link":"https:\/\/quebecairbnb.com\/fr\/","title":{"rendered":"Accueil"},"content":{"rendered":"<!-- wp:themify-builder\/canvas \/-->\r\n\r\n<!--themify_builder_static--><!--\/themify_builder_static-->","protected":false},"excerpt":{"rendered":"<p>Maison de r\u00eave avec acc\u00e8s au lac O\u00f9 la nature rencontre le confort, \u00e0 quelques minutes de Qu\u00e9bec R\u00e9serve maintenant \u00c0 propos de nous Ouvrir les portes aux possibilit\u00e9s cr\u00e9atives Bienvenue chez Agency4, o\u00f9 l&rsquo;innovation rencontre l&rsquo;excellence du design. Dans notre agence, nous nous consacrons \u00e0 transformer les id\u00e9es en histoires visuellement captivantes. Avec une [&hellip;]<\/p>\n","protected":false},"author":1,"featured_media":0,"parent":0,"menu_order":0,"comment_status":"closed","ping_status":"closed","template":"","meta":{"footnotes":""},"class_list":["post-100","page","type-page","status-publish","hentry","has-post-title","has-post-date","has-post-category","has-post-tag","has-post-comment","has-post-author",""],"builder_content":"","_links":{"self":[{"href":"https:\/\/quebecairbnb.com\/fr\/wp-json\/wp\/v2\/pages\/100","targetHints":{"allow":["GET"]}}],"collection":[{"href":"https:\/\/quebecairbnb.com\/fr\/wp-json\/wp\/v2\/pages"}],"about":[{"href":"https:\/\/quebecairbnb.com\/fr\/wp-json\/wp\/v2\/types\/page"}],"author":[{"embeddable":true,"href":"https:\/\/quebecairbnb.com\/fr\/wp-json\/wp\/v2\/users\/1"}],"replies":[{"embeddable":true,"href":"https:\/\/quebecairbnb.com\/fr\/wp-json\/wp\/v2\/comments?post=100"}],"version-history":[{"count":1,"href":"https:\/\/quebecairbnb.com\/fr\/wp-json\/wp\/v2\/pages\/100\/revisions"}],"predecessor-version":[{"id":101,"href":"https:\/\/quebecairbnb.com\/fr\/wp-json\/wp\/v2\/pages\/100\/revisions\/101"}],"wp:attachment":[{"href":"https:\/\/quebecairbnb.com\/fr\/wp-json\/wp\/v2\/media?parent=100"}],"curies":[{"name":"wp","href":"https:\/\/api.w.org\/{rel}","templated":true}]}}